{"id":534,"date":"2025-01-20T20:06:08","date_gmt":"2025-01-20T20:06:08","guid":{"rendered":"https:\/\/gamdomcasinofr.com\/?page_id=534"},"modified":"2025-01-20T23:04:04","modified_gmt":"2025-01-20T23:04:04","slug":"conditions-dutilisation","status":"publish","type":"page","link":"https:\/\/gamdomcasinofr.com\/fr\/conditions-dutilisation\/","title":{"rendered":"Conditions d\u2019utilisation"},"content":{"rendered":"\n<ol class=\"wp-block-list\">\n<li><strong>Acceptation des Conditions d&rsquo;Utilisation<\/strong><\/li>\n<\/ol>\n\n\n\n<p>Ces conditions d&rsquo;utilisation sont conclues entre vous et Smein Hosting N.V. (\u00ab\u00a0la Soci\u00e9t\u00e9\u00a0\u00bb, \u00ab\u00a0nous\u00a0\u00bb ou \u00ab\u00a0notre\u00a0\u00bb), op\u00e9rant sous la licence (OGL\/2025\/424\/1065), une soci\u00e9t\u00e9 \u00e0 responsabilit\u00e9 limit\u00e9e organis\u00e9e selon les lois de Cura\u00e7ao, dont le si\u00e8ge social est situ\u00e9 \u00e0 Abraham de Veerstraat 9, Willemstad, Cura\u00e7ao, et enregistr\u00e9e \u00e0 la Chambre de Commerce de Cura\u00e7ao. Les pr\u00e9sentes conditions r\u00e9gissent votre acc\u00e8s et votre utilisation du site web <a href=\"http:\/\/www.gamdomcasinofr.com\">www.gamdomcasinofr.com<\/a> (\u00ab\u00a0le Site\u00a0\u00bb), y compris son contenu, ses fonctionnalit\u00e9s et les services propos\u00e9s, que vous soyez un visiteur ou un utilisateur enregistr\u00e9. En acc\u00e9dant au site, vous confirmez avoir pris connaissance et accept\u00e9 ces conditions sans r\u00e9serve.<\/p>\n\n\n\n<p>L&rsquo;acc\u00e8s \u00e0 notre site web et son utilisation entra\u00eenent votre accord avec nos conditions d&rsquo;utilisation et notre politique de confidentialit\u00e9. Si vous n&rsquo;\u00eates pas d&rsquo;accord avec celles-ci, veuillez ne pas acc\u00e9der au site.<\/p>\n\n\n\n<p>En utilisant ce site, vous d\u00e9clarez, garantissez et acceptez :<\/p>\n\n\n\n<ul class=\"wp-block-list\">\n<li>Ne pas \u00eatre emp\u00each\u00e9 l\u00e9galement de conclure un contrat avec la soci\u00e9t\u00e9.<\/li>\n\n\n\n<li>Avoir au moins 18 ans ou l&rsquo;\u00e2ge l\u00e9gal dans votre pays de r\u00e9sidence.<\/li>\n\n\n\n<li>Fournir des informations exactes pour l&rsquo;ouverture d&rsquo;un compte sur notre site.<\/li>\n<\/ul>\n\n\n\n<ol start=\"2\" class=\"wp-block-list\">\n<li><strong>Vos Obligations en tant que Joueur<\/strong><\/li>\n<\/ol>\n\n\n\n<p>En utilisant notre site, vous confirmez que :<\/p>\n\n\n\n<ul class=\"wp-block-list\">\n<li>En cas d&rsquo;identification d&rsquo;un joueur mineur, le compte sera d\u00e9finitivement ferm\u00e9.<\/li>\n\n\n\n<li>Vous utiliserez le site uniquement pour jouer honn\u00eatement et non \u00e0 des fins financi\u00e8res ou autres. Les jeux doivent rester un loisir r\u00e9cr\u00e9atif.<\/li>\n\n\n\n<li>Les joueurs r\u00e9sidant dans les pays suivants ne sont pas autoris\u00e9s \u00e0 ouvrir un compte ou \u00e0 utiliser nos services : Aruba, Autriche, Bonaire, Cura\u00e7ao, Guyane fran\u00e7aise, Polyn\u00e9sie fran\u00e7aise, Allemagne, Guernesey, Gibraltar, Hongrie, \u00eele de Man, Jersey, Liechtenstein, Luxembourg, R\u00e9union, Mayotte, Pays-Bas, Espagne, \u00c9tats-Unis, Royaume-Uni.<\/li>\n\n\n\n<li>Vous \u00eates responsable de respecter les lois sur les jeux d&rsquo;argent de votre pays ou de votre pays de r\u00e9sidence. Utiliser un VPN pour contourner ces restrictions est interdit, et en cas de violation, gamdomcasinofr.com se r\u00e9serve le droit de bloquer ou fermer votre compte et annuler vos gains.<\/li>\n<\/ul>\n\n\n\n<ol start=\"3\" class=\"wp-block-list\">\n<li><strong>Politique de Confidentialit\u00e9<\/strong><\/li>\n<\/ol>\n\n\n\n<p>Cette politique explique comment nous collectons, utilisons et prot\u00e9geons vos informations personnelles. En acc\u00e9dant \u00e0 notre site, vous acceptez nos pratiques. Nous collectons des informations personnelles, telles que votre nom, adresse e-mail, ainsi que des donn\u00e9es techniques comme votre adresse IP, et des informations li\u00e9es \u00e0 l\u2019utilisation de notre site. Ces informations sont utilis\u00e9es pour am\u00e9liorer l\u2019exp\u00e9rience utilisateur et vous offrir un service personnalis\u00e9.<\/p>\n\n\n\n<ol start=\"4\" class=\"wp-block-list\">\n<li><strong>Limitation de Responsabilit\u00e9<\/strong><\/li>\n<\/ol>\n\n\n\n<p>Vous utilisez notre site \u00e0 vos risques et p\u00e9rils. gamdomcasinofr.com ne garantit pas la disponibilit\u00e9 continue de ses services et ne peut \u00eatre tenu responsable des pertes ou dommages r\u00e9sultant de la non-disponibilit\u00e9 du site ou des jeux. Vous \u00eates responsable de respecter les conditions d\u2019utilisation et de compenser gamdomcasinofr.com en cas de violation.<\/p>\n\n\n\n<ol start=\"5\" class=\"wp-block-list\">\n<li><strong>Jeu Responsable<\/strong><\/li>\n<\/ol>\n\n\n\n<p>Nous vous offrons la possibilit\u00e9 de fermer votre compte pour une p\u00e9riode d&rsquo;auto-exclusion minimale de six mois. Vous pouvez demander la r\u00e9ouverture de votre compte apr\u00e8s cette p\u00e9riode en contactant notre support client.<\/p>\n\n\n\n<ol start=\"6\" class=\"wp-block-list\">\n<li><strong>Adh\u00e9sion Inconditionnelle<\/strong><\/li>\n<\/ol>\n\n\n\n<p>Les pr\u00e9sentes conditions d&rsquo;utilisation, ainsi que notre politique de confidentialit\u00e9, constituent l&rsquo;accord complet entre vous et nous, rempla\u00e7ant tous accords ant\u00e9rieurs, verbaux ou \u00e9crits.<\/p>\n\n\n\n<ol start=\"7\" class=\"wp-block-list\">\n<li><strong>Changements des Conditions d&rsquo;Utilisation<\/strong><\/li>\n<\/ol>\n\n\n\n<p>Nous nous r\u00e9servons le droit de modifier ces conditions \u00e0 tout moment. Ces changements sont effectifs d\u00e8s leur publication sur le site. Votre utilisation continue du site apr\u00e8s une r\u00e9vision de ces conditions constitue votre acceptation des modifications.<\/p>\n\n\n\n<ol start=\"8\" class=\"wp-block-list\">\n<li><strong>Lois et Juridictions Applicables<\/strong><\/li>\n<\/ol>\n\n\n\n<p>Ces conditions sont r\u00e9gies par les lois de Cura\u00e7ao. En cas de litige, vous acceptez la comp\u00e9tence exclusive des tribunaux de Cura\u00e7ao, sauf pour les questions relatives aux transactions, qui rel\u00e8veront de la juridiction des autorit\u00e9s judiciaires lituaniennes.<\/p>\n","protected":false},"excerpt":{"rendered":"<p>Ces conditions d&rsquo;utilisation sont conclues entre vous et Smein Hosting N.V. (\u00ab\u00a0la Soci\u00e9t\u00e9\u00a0\u00bb, \u00ab\u00a0nous\u00a0\u00bb ou \u00ab\u00a0notre\u00a0\u00bb), op\u00e9rant sous la licence (OGL\/2025\/424\/1065), une soci\u00e9t\u00e9 \u00e0 responsabilit\u00e9 limit\u00e9e organis\u00e9e selon les lois de Cura\u00e7ao, dont le si\u00e8ge social est situ\u00e9 \u00e0 Abraham de Veerstraat 9, Willemstad, Cura\u00e7ao, et enregistr\u00e9e \u00e0 la Chambre de Commerce de Cura\u00e7ao. Les [&hellip;]<\/p>\n","protected":false},"author":1,"featured_media":0,"parent":0,"menu_order":0,"comment_status":"closed","ping_status":"closed","template":"page-full-width.php","meta":{"footnotes":""},"class_list":["post-534","page","type-page","status-publish","hentry"],"yoast_head":"<!-- This site is optimized with the Yoast SEO plugin v24.1 - https:\/\/yoast.com\/wordpress\/plugins\/seo\/ -->\n<title>Conditions d\u2019utilisation - Casino Gamdom France<\/title>\n<meta name=\"robots\" content=\"index, follow, max-snippet:-1, max-image-preview:large, max-video-preview:-1\" \/>\n<link rel=\"canonical\" href=\"https:\/\/gamdomcasinofr.com\/fr\/conditions-dutilisation\/\" \/>\n<meta property=\"og:locale\" content=\"fr_FR\" \/>\n<meta property=\"og:type\" content=\"article\" \/>\n<meta property=\"og:title\" content=\"Conditions d\u2019utilisation - Casino Gamdom France\" \/>\n<meta property=\"og:description\" content=\"Ces conditions d&rsquo;utilisation sont conclues entre vous et Smein Hosting N.V. (\u00ab\u00a0la Soci\u00e9t\u00e9\u00a0\u00bb, \u00ab\u00a0nous\u00a0\u00bb ou \u00ab\u00a0notre\u00a0\u00bb), op\u00e9rant sous la licence (OGL\/2025\/424\/1065), une soci\u00e9t\u00e9 \u00e0 responsabilit\u00e9 limit\u00e9e organis\u00e9e selon les lois de Cura\u00e7ao, dont le si\u00e8ge social est situ\u00e9 \u00e0 Abraham de Veerstraat 9, Willemstad, Cura\u00e7ao, et enregistr\u00e9e \u00e0 la Chambre de Commerce de Cura\u00e7ao. Les [&hellip;]\" \/>\n<meta property=\"og:url\" content=\"https:\/\/gamdomcasinofr.com\/fr\/conditions-dutilisation\/\" \/>\n<meta property=\"og:site_name\" content=\"Casino Gamdom France\" \/>\n<meta property=\"article:modified_time\" content=\"2025-01-20T23:04:04+00:00\" \/>\n<meta name=\"twitter:card\" content=\"summary_large_image\" \/>\n<meta name=\"twitter:label1\" content=\"Dur\u00e9e de lecture estim\u00e9e\" \/>\n\t<meta name=\"twitter:data1\" content=\"3 minutes\" \/>\n<script type=\"application\/ld+json\" class=\"yoast-schema-graph\">{\"@context\":\"https:\/\/schema.org\",\"@graph\":[{\"@type\":\"WebPage\",\"@id\":\"https:\/\/gamdomcasinofr.com\/fr\/conditions-dutilisation\/\",\"url\":\"https:\/\/gamdomcasinofr.com\/fr\/conditions-dutilisation\/\",\"name\":\"Conditions d\u2019utilisation - Casino Gamdom France\",\"isPartOf\":{\"@id\":\"https:\/\/gamdomcasinofr.com\/fr\/#website\"},\"datePublished\":\"2025-01-20T20:06:08+00:00\",\"dateModified\":\"2025-01-20T23:04:04+00:00\",\"breadcrumb\":{\"@id\":\"https:\/\/gamdomcasinofr.com\/fr\/conditions-dutilisation\/#breadcrumb\"},\"inLanguage\":\"fr-FR\",\"potentialAction\":[{\"@type\":\"ReadAction\",\"target\":[\"https:\/\/gamdomcasinofr.com\/fr\/conditions-dutilisation\/\"]}]},{\"@type\":\"BreadcrumbList\",\"@id\":\"https:\/\/gamdomcasinofr.com\/fr\/conditions-dutilisation\/#breadcrumb\",\"itemListElement\":[{\"@type\":\"ListItem\",\"position\":1,\"name\":\"Home\",\"item\":\"https:\/\/gamdomcasinofr.com\/fr\/\"},{\"@type\":\"ListItem\",\"position\":2,\"name\":\"Conditions d\u2019utilisation\"}]},{\"@type\":\"WebSite\",\"@id\":\"https:\/\/gamdomcasinofr.com\/fr\/#website\",\"url\":\"https:\/\/gamdomcasinofr.com\/fr\/\",\"name\":\"Casino Gamdom France\",\"description\":\"\",\"publisher\":{\"@id\":\"https:\/\/gamdomcasinofr.com\/fr\/#organization\"},\"potentialAction\":[{\"@type\":\"SearchAction\",\"target\":{\"@type\":\"EntryPoint\",\"urlTemplate\":\"https:\/\/gamdomcasinofr.com\/fr\/?s={search_term_string}\"},\"query-input\":{\"@type\":\"PropertyValueSpecification\",\"valueRequired\":true,\"valueName\":\"search_term_string\"}}],\"inLanguage\":\"fr-FR\"},{\"@type\":\"Organization\",\"@id\":\"https:\/\/gamdomcasinofr.com\/fr\/#organization\",\"name\":\"Casino Gamdom France\",\"url\":\"https:\/\/gamdomcasinofr.com\/fr\/\",\"logo\":{\"@type\":\"ImageObject\",\"inLanguage\":\"fr-FR\",\"@id\":\"https:\/\/gamdomcasinofr.com\/fr\/#\/schema\/logo\/image\/\",\"url\":\"https:\/\/gamdomcasinofr.com\/fr\/wp-content\/uploads\/2025\/01\/cropped-logo.png\",\"contentUrl\":\"https:\/\/gamdomcasinofr.com\/fr\/wp-content\/uploads\/2025\/01\/cropped-logo.png\",\"width\":496,\"height\":121,\"caption\":\"Casino Gamdom France\"},\"image\":{\"@id\":\"https:\/\/gamdomcasinofr.com\/fr\/#\/schema\/logo\/image\/\"}}]}<\/script>\n<!-- \/ Yoast SEO plugin. -->","yoast_head_json":{"title":"Conditions d\u2019utilisation - Casino Gamdom France","robots":{"index":"index","follow":"follow","max-snippet":"max-snippet:-1","max-image-preview":"max-image-preview:large","max-video-preview":"max-video-preview:-1"},"canonical":"https:\/\/gamdomcasinofr.com\/fr\/conditions-dutilisation\/","og_locale":"fr_FR","og_type":"article","og_title":"Conditions d\u2019utilisation - Casino Gamdom France","og_description":"Ces conditions d&rsquo;utilisation sont conclues entre vous et Smein Hosting N.V. (\u00ab\u00a0la Soci\u00e9t\u00e9\u00a0\u00bb, \u00ab\u00a0nous\u00a0\u00bb ou \u00ab\u00a0notre\u00a0\u00bb), op\u00e9rant sous la licence (OGL\/2025\/424\/1065), une soci\u00e9t\u00e9 \u00e0 responsabilit\u00e9 limit\u00e9e organis\u00e9e selon les lois de Cura\u00e7ao, dont le si\u00e8ge social est situ\u00e9 \u00e0 Abraham de Veerstraat 9, Willemstad, Cura\u00e7ao, et enregistr\u00e9e \u00e0 la Chambre de Commerce de Cura\u00e7ao. Les [&hellip;]","og_url":"https:\/\/gamdomcasinofr.com\/fr\/conditions-dutilisation\/","og_site_name":"Casino Gamdom France","article_modified_time":"2025-01-20T23:04:04+00:00","twitter_card":"summary_large_image","twitter_misc":{"Dur\u00e9e de lecture estim\u00e9e":"3 minutes"},"schema":{"@context":"https:\/\/schema.org","@graph":[{"@type":"WebPage","@id":"https:\/\/gamdomcasinofr.com\/fr\/conditions-dutilisation\/","url":"https:\/\/gamdomcasinofr.com\/fr\/conditions-dutilisation\/","name":"Conditions d\u2019utilisation - Casino Gamdom France","isPartOf":{"@id":"https:\/\/gamdomcasinofr.com\/fr\/#website"},"datePublished":"2025-01-20T20:06:08+00:00","dateModified":"2025-01-20T23:04:04+00:00","breadcrumb":{"@id":"https:\/\/gamdomcasinofr.com\/fr\/conditions-dutilisation\/#breadcrumb"},"inLanguage":"fr-FR","potentialAction":[{"@type":"ReadAction","target":["https:\/\/gamdomcasinofr.com\/fr\/conditions-dutilisation\/"]}]},{"@type":"BreadcrumbList","@id":"https:\/\/gamdomcasinofr.com\/fr\/conditions-dutilisation\/#breadcrumb","itemListElement":[{"@type":"ListItem","position":1,"name":"Home","item":"https:\/\/gamdomcasinofr.com\/fr\/"},{"@type":"ListItem","position":2,"name":"Conditions d\u2019utilisation"}]},{"@type":"WebSite","@id":"https:\/\/gamdomcasinofr.com\/fr\/#website","url":"https:\/\/gamdomcasinofr.com\/fr\/","name":"Casino Gamdom France","description":"","publisher":{"@id":"https:\/\/gamdomcasinofr.com\/fr\/#organization"},"potentialAction":[{"@type":"SearchAction","target":{"@type":"EntryPoint","urlTemplate":"https:\/\/gamdomcasinofr.com\/fr\/?s={search_term_string}"},"query-input":{"@type":"PropertyValueSpecification","valueRequired":true,"valueName":"search_term_string"}}],"inLanguage":"fr-FR"},{"@type":"Organization","@id":"https:\/\/gamdomcasinofr.com\/fr\/#organization","name":"Casino Gamdom France","url":"https:\/\/gamdomcasinofr.com\/fr\/","logo":{"@type":"ImageObject","inLanguage":"fr-FR","@id":"https:\/\/gamdomcasinofr.com\/fr\/#\/schema\/logo\/image\/","url":"https:\/\/gamdomcasinofr.com\/fr\/wp-content\/uploads\/2025\/01\/cropped-logo.png","contentUrl":"https:\/\/gamdomcasinofr.com\/fr\/wp-content\/uploads\/2025\/01\/cropped-logo.png","width":496,"height":121,"caption":"Casino Gamdom France"},"image":{"@id":"https:\/\/gamdomcasinofr.com\/fr\/#\/schema\/logo\/image\/"}}]}},"_links":{"self":[{"href":"https:\/\/gamdomcasinofr.com\/fr\/wp-json\/wp\/v2\/pages\/534","targetHints":{"allow":["GET"]}}],"collection":[{"href":"https:\/\/gamdomcasinofr.com\/fr\/wp-json\/wp\/v2\/pages"}],"about":[{"href":"https:\/\/gamdomcasinofr.com\/fr\/wp-json\/wp\/v2\/types\/page"}],"author":[{"embeddable":true,"href":"https:\/\/gamdomcasinofr.com\/fr\/wp-json\/wp\/v2\/users\/1"}],"replies":[{"embeddable":true,"href":"https:\/\/gamdomcasinofr.com\/fr\/wp-json\/wp\/v2\/comments?post=534"}],"version-history":[{"count":2,"href":"https:\/\/gamdomcasinofr.com\/fr\/wp-json\/wp\/v2\/pages\/534\/revisions"}],"predecessor-version":[{"id":626,"href":"https:\/\/gamdomcasinofr.com\/fr\/wp-json\/wp\/v2\/pages\/534\/revisions\/626"}],"wp:attachment":[{"href":"https:\/\/gamdomcasinofr.com\/fr\/wp-json\/wp\/v2\/media?parent=534"}],"curies":[{"name":"wp","href":"https:\/\/api.w.org\/{rel}","templated":true}]}}