{"id":513,"date":"2025-01-20T20:01:56","date_gmt":"2025-01-20T20:01:56","guid":{"rendered":"https:\/\/gamdomcasinofr.com\/?page_id=513"},"modified":"2025-01-20T23:05:45","modified_gmt":"2025-01-20T23:05:45","slug":"nom-de-la-promotion","status":"publish","type":"page","link":"https:\/\/gamdomcasinofr.com\/fr\/nom-de-la-promotion\/","title":{"rendered":"Nom de la Promotion"},"content":{"rendered":"\n<p><strong>1.1 Politique de remboursement<\/strong><strong><br><\/strong>Aucun remboursement ne sera accord\u00e9 une fois qu\u2019un d\u00e9p\u00f4t (ou une partie de celui-ci) aura \u00e9t\u00e9 utilis\u00e9 pour jouer sur les services fournis par Smein Hosting N.V.<\/p>\n\n\n\n<p><strong>1.2 D\u00e9lai pour demander un remboursement<\/strong><strong><br><\/strong>Les demandes de remboursement ne seront consid\u00e9r\u00e9es que si elles sont soumises dans les 24 heures suivant le d\u00e9p\u00f4t effectu\u00e9 ou dans les 30 jours si l\u2019utilisateur fournit une d\u00e9claration sous serment attestant qu\u2019une autre personne (ou un mineur) a acc\u00e9d\u00e9 \u00e0 son compte.<\/p>\n\n\n\n<p><strong>1.3 Examen des demandes de remboursement<\/strong><strong><br><\/strong>Chaque demande sera examin\u00e9e individuellement et ne pourra \u00eatre accept\u00e9e que si vous avez respect\u00e9 les conditions d\u2019utilisation de Smein Hosting N.V. Smein Hosting N.V. se r\u00e9serve le droit de rejeter une demande sans justification. La soumission d\u2019une demande de remboursement ne garantit en aucun cas son approbation.<\/p>\n\n\n\n<p><strong>1.4 D\u00e9p\u00f4ts via agr\u00e9gateurs de paiement<\/strong><strong><br><\/strong>Pour les d\u00e9p\u00f4ts effectu\u00e9s via un agr\u00e9gateur de paiement, toute demande de remboursement devra \u00eatre adress\u00e9e directement \u00e0 ce dernier.<\/p>\n\n\n\n<p><strong>1.5 V\u00e9rifications des paiements et remboursements<\/strong><strong><br><\/strong>Dans un souci de pr\u00e9vention des fraudes, tous les paiements (y compris les transferts d\u2019unit\u00e9s de jeu virtuel via Steam) et les informations relatives aux remboursements sont soumis \u00e0 v\u00e9rification par les employ\u00e9s de Smein Hosting N.V. Vous pourriez \u00eatre invit\u00e9 \u00e0 prouver la propri\u00e9t\u00e9 de votre compte Steam.<\/p>\n\n\n\n<p><strong>1.6 Documents requis<\/strong><strong><br><\/strong>Smein Hosting N.V. peut demander \u00e0 l\u2019utilisateur de fournir des documents suppl\u00e9mentaires, tels que :<\/p>\n\n\n\n<ul class=\"wp-block-list\">\n<li>Passeport ou autre pi\u00e8ce d\u2019identit\u00e9<\/li>\n\n\n\n<li>Copie de la carte bancaire utilis\u00e9e<\/li>\n\n\n\n<li>Facture de services publics<\/li>\n\n\n\n<li>Acte de naissance<\/li>\n\n\n\n<li>Affidavit (d\u00e9claration sous serment)<\/li>\n\n\n\n<li>Preuves de paiement ou autres confirmations<\/li>\n<\/ul>\n\n\n\n<p>Si l\u2019utilisateur ne soumet pas ces documents dans les 3 jours ouvr\u00e9s suivant la demande de Smein Hosting N.V., ou si des doutes subsistent sur l\u2019authenticit\u00e9 des documents, la demande de remboursement pourra \u00eatre rejet\u00e9e.<\/p>\n\n\n\n<p><strong>1.7 Frais de remboursement<\/strong><strong><br><\/strong>Smein Hosting N.V. ne facturera aucun frais suppl\u00e9mentaires pour un remboursement, sauf si un tiers (comme une banque) est impliqu\u00e9 dans le processus de paiement.<\/p>\n\n\n\n<p><strong>1.8 Annulation de paris via Steam<\/strong><strong><br><\/strong>\u00c9tant donn\u00e9 que les paris peuvent \u00eatre plac\u00e9s instantan\u00e9ment via Steam, l\u2019annulation d\u2019un pari est extr\u00eamement difficile. En cas de tentative d&rsquo;annulation trop tardive, les gains ou paris ne pourront pas \u00eatre rembours\u00e9s.<\/p>\n\n\n\n<p><strong>1.9 Erreur Steam<\/strong><strong><br><\/strong>Si un pari est annul\u00e9 via Steam mais qu\u2019il est tout de m\u00eame jou\u00e9, cela signifie que l\u2019annulation a \u00e9t\u00e9 effectu\u00e9e trop tard. La confirmation de l&rsquo;annulation peut r\u00e9sulter d\u2019une erreur de Steam, mais le remboursement ne pourra pas \u00eatre effectu\u00e9.<\/p>\n\n\n\n<p><strong>1.10 Confirmation des paris via Steam Guard<br><\/strong><a href=\"http:\/\/gamdomcasinofr.com\">Gamdom Casino<\/a> accepte que les paris confirm\u00e9s via Steam Guard Mobile Authenticator. Toute situation o\u00f9 un pari est jou\u00e9 sans confirmation ou par erreur est impossible.<\/p>\n\n\n\n<p><strong>1.11 Annulation accidentelle de gains<\/strong><strong><br><\/strong>Si l\u2019utilisateur annule accidentellement un gain, il peut demander un remboursement en contactant notre service client. Toutefois, nous n\u2019effectuons aucun transfert de gains vers le compte d\u2019un autre utilisateur.<\/p>\n\n\n\n<p><strong>1.12 Commission sur les gains<\/strong><strong><br><\/strong>La commission sur un gain, qui peut inclure un skin retenu, ne peut \u00eatre rembours\u00e9e ou \u00e9chang\u00e9e contre d\u2019autres objets.<\/p>\n\n\n\n<p><strong>1.13 Demande de remboursement partiel<\/strong><strong><br><\/strong>Si la commission de service est sup\u00e9rieure \u00e0 ce qui est indiqu\u00e9, l\u2019utilisateur peut demander un remboursement partiel en contactant notre support technique.<\/p>\n\n\n\n<p><strong>1.14 V\u00e9rification d\u2019identit\u00e9 avant remboursement<\/strong><strong><br><\/strong>Smein Hosting N.V. se r\u00e9serve le droit de retenir tout remboursement ou transaction renvers\u00e9e jusqu\u2019\u00e0 ce que l\u2019identit\u00e9 de l\u2019utilisateur soit v\u00e9rifi\u00e9e. Si l&rsquo;utilisateur ne fournit pas une identification notari\u00e9e ou certifi\u00e9e dans les 5 jours suivant la demande, le remboursement sera annul\u00e9, et le compte sera ferm\u00e9.<\/p>\n\n\n\n<p><strong>1.15 Activit\u00e9 frauduleuse<\/strong><strong><br><\/strong>Les utilisateurs s\u2019engagent \u00e0 ne pas participer \u00e0 des activit\u00e9s frauduleuses. En cas de d\u00e9tection de telles activit\u00e9s, les gains associ\u00e9s seront annul\u00e9s.<\/p>\n\n\n\n<p><strong>1.16 Retraits<\/strong><strong><br><\/strong>Les utilisateurs peuvent retirer leurs gains directement vers leur compte bancaire, leur portefeuille \u00e9lectronique (QIWI, Webmoney, Yandex) ou leur portefeuille Bitcoin.<\/p>\n\n\n\n<p><strong>1.17 Mise \u00e0 jour de la politique de remboursement<\/strong><strong><br><\/strong>Cette politique a \u00e9t\u00e9 mise \u00e0 jour le 18 octobre 2019.<\/p>\n","protected":false},"excerpt":{"rendered":"<p>1.1 Politique de remboursementAucun remboursement ne sera accord\u00e9 une fois qu\u2019un d\u00e9p\u00f4t (ou une partie de celui-ci) aura \u00e9t\u00e9 utilis\u00e9 pour jouer sur les services fournis par Smein Hosting N.V. 1.2 D\u00e9lai pour demander un remboursementLes demandes de remboursement ne seront consid\u00e9r\u00e9es que si elles sont soumises dans les 24 heures suivant le d\u00e9p\u00f4t effectu\u00e9 [&hellip;]<\/p>\n","protected":false},"author":1,"featured_media":0,"parent":0,"menu_order":0,"comment_status":"closed","ping_status":"closed","template":"page-full-width.php","meta":{"footnotes":""},"class_list":["post-513","page","type-page","status-publish","hentry"],"yoast_head":"<!-- This site is optimized with the Yoast SEO plugin v24.1 - https:\/\/yoast.com\/wordpress\/plugins\/seo\/ -->\n<title>Nom de la Promotion - Casino Gamdom France<\/title>\n<meta name=\"robots\" content=\"index, follow, max-snippet:-1, max-image-preview:large, max-video-preview:-1\" \/>\n<link rel=\"canonical\" href=\"https:\/\/gamdomcasinofr.com\/fr\/nom-de-la-promotion\/\" \/>\n<meta property=\"og:locale\" content=\"fr_FR\" \/>\n<meta property=\"og:type\" content=\"article\" \/>\n<meta property=\"og:title\" content=\"Nom de la Promotion - Casino Gamdom France\" \/>\n<meta property=\"og:description\" content=\"1.1 Politique de remboursementAucun remboursement ne sera accord\u00e9 une fois qu\u2019un d\u00e9p\u00f4t (ou une partie de celui-ci) aura \u00e9t\u00e9 utilis\u00e9 pour jouer sur les services fournis par Smein Hosting N.V. 1.2 D\u00e9lai pour demander un remboursementLes demandes de remboursement ne seront consid\u00e9r\u00e9es que si elles sont soumises dans les 24 heures suivant le d\u00e9p\u00f4t effectu\u00e9 [&hellip;]\" \/>\n<meta property=\"og:url\" content=\"https:\/\/gamdomcasinofr.com\/fr\/nom-de-la-promotion\/\" \/>\n<meta property=\"og:site_name\" content=\"Casino Gamdom France\" \/>\n<meta property=\"article:modified_time\" content=\"2025-01-20T23:05:45+00:00\" \/>\n<meta name=\"twitter:card\" content=\"summary_large_image\" \/>\n<meta name=\"twitter:label1\" content=\"Dur\u00e9e de lecture estim\u00e9e\" \/>\n\t<meta name=\"twitter:data1\" content=\"3 minutes\" \/>\n<script type=\"application\/ld+json\" class=\"yoast-schema-graph\">{\"@context\":\"https:\/\/schema.org\",\"@graph\":[{\"@type\":\"WebPage\",\"@id\":\"https:\/\/gamdomcasinofr.com\/fr\/nom-de-la-promotion\/\",\"url\":\"https:\/\/gamdomcasinofr.com\/fr\/nom-de-la-promotion\/\",\"name\":\"Nom de la Promotion - Casino Gamdom France\",\"isPartOf\":{\"@id\":\"https:\/\/gamdomcasinofr.com\/fr\/#website\"},\"datePublished\":\"2025-01-20T20:01:56+00:00\",\"dateModified\":\"2025-01-20T23:05:45+00:00\",\"breadcrumb\":{\"@id\":\"https:\/\/gamdomcasinofr.com\/fr\/nom-de-la-promotion\/#breadcrumb\"},\"inLanguage\":\"fr-FR\",\"potentialAction\":[{\"@type\":\"ReadAction\",\"target\":[\"https:\/\/gamdomcasinofr.com\/fr\/nom-de-la-promotion\/\"]}]},{\"@type\":\"BreadcrumbList\",\"@id\":\"https:\/\/gamdomcasinofr.com\/fr\/nom-de-la-promotion\/#breadcrumb\",\"itemListElement\":[{\"@type\":\"ListItem\",\"position\":1,\"name\":\"Home\",\"item\":\"https:\/\/gamdomcasinofr.com\/fr\/\"},{\"@type\":\"ListItem\",\"position\":2,\"name\":\"Nom de la Promotion\"}]},{\"@type\":\"WebSite\",\"@id\":\"https:\/\/gamdomcasinofr.com\/fr\/#website\",\"url\":\"https:\/\/gamdomcasinofr.com\/fr\/\",\"name\":\"Casino Gamdom France\",\"description\":\"\",\"publisher\":{\"@id\":\"https:\/\/gamdomcasinofr.com\/fr\/#organization\"},\"potentialAction\":[{\"@type\":\"SearchAction\",\"target\":{\"@type\":\"EntryPoint\",\"urlTemplate\":\"https:\/\/gamdomcasinofr.com\/fr\/?s={search_term_string}\"},\"query-input\":{\"@type\":\"PropertyValueSpecification\",\"valueRequired\":true,\"valueName\":\"search_term_string\"}}],\"inLanguage\":\"fr-FR\"},{\"@type\":\"Organization\",\"@id\":\"https:\/\/gamdomcasinofr.com\/fr\/#organization\",\"name\":\"Casino Gamdom France\",\"url\":\"https:\/\/gamdomcasinofr.com\/fr\/\",\"logo\":{\"@type\":\"ImageObject\",\"inLanguage\":\"fr-FR\",\"@id\":\"https:\/\/gamdomcasinofr.com\/fr\/#\/schema\/logo\/image\/\",\"url\":\"https:\/\/gamdomcasinofr.com\/fr\/wp-content\/uploads\/2025\/01\/cropped-logo.png\",\"contentUrl\":\"https:\/\/gamdomcasinofr.com\/fr\/wp-content\/uploads\/2025\/01\/cropped-logo.png\",\"width\":496,\"height\":121,\"caption\":\"Casino Gamdom France\"},\"image\":{\"@id\":\"https:\/\/gamdomcasinofr.com\/fr\/#\/schema\/logo\/image\/\"}}]}<\/script>\n<!-- \/ Yoast SEO plugin. -->","yoast_head_json":{"title":"Nom de la Promotion - Casino Gamdom France","robots":{"index":"index","follow":"follow","max-snippet":"max-snippet:-1","max-image-preview":"max-image-preview:large","max-video-preview":"max-video-preview:-1"},"canonical":"https:\/\/gamdomcasinofr.com\/fr\/nom-de-la-promotion\/","og_locale":"fr_FR","og_type":"article","og_title":"Nom de la Promotion - Casino Gamdom France","og_description":"1.1 Politique de remboursementAucun remboursement ne sera accord\u00e9 une fois qu\u2019un d\u00e9p\u00f4t (ou une partie de celui-ci) aura \u00e9t\u00e9 utilis\u00e9 pour jouer sur les services fournis par Smein Hosting N.V. 1.2 D\u00e9lai pour demander un remboursementLes demandes de remboursement ne seront consid\u00e9r\u00e9es que si elles sont soumises dans les 24 heures suivant le d\u00e9p\u00f4t effectu\u00e9 [&hellip;]","og_url":"https:\/\/gamdomcasinofr.com\/fr\/nom-de-la-promotion\/","og_site_name":"Casino Gamdom France","article_modified_time":"2025-01-20T23:05:45+00:00","twitter_card":"summary_large_image","twitter_misc":{"Dur\u00e9e de lecture estim\u00e9e":"3 minutes"},"schema":{"@context":"https:\/\/schema.org","@graph":[{"@type":"WebPage","@id":"https:\/\/gamdomcasinofr.com\/fr\/nom-de-la-promotion\/","url":"https:\/\/gamdomcasinofr.com\/fr\/nom-de-la-promotion\/","name":"Nom de la Promotion - Casino Gamdom France","isPartOf":{"@id":"https:\/\/gamdomcasinofr.com\/fr\/#website"},"datePublished":"2025-01-20T20:01:56+00:00","dateModified":"2025-01-20T23:05:45+00:00","breadcrumb":{"@id":"https:\/\/gamdomcasinofr.com\/fr\/nom-de-la-promotion\/#breadcrumb"},"inLanguage":"fr-FR","potentialAction":[{"@type":"ReadAction","target":["https:\/\/gamdomcasinofr.com\/fr\/nom-de-la-promotion\/"]}]},{"@type":"BreadcrumbList","@id":"https:\/\/gamdomcasinofr.com\/fr\/nom-de-la-promotion\/#breadcrumb","itemListElement":[{"@type":"ListItem","position":1,"name":"Home","item":"https:\/\/gamdomcasinofr.com\/fr\/"},{"@type":"ListItem","position":2,"name":"Nom de la Promotion"}]},{"@type":"WebSite","@id":"https:\/\/gamdomcasinofr.com\/fr\/#website","url":"https:\/\/gamdomcasinofr.com\/fr\/","name":"Casino Gamdom France","description":"","publisher":{"@id":"https:\/\/gamdomcasinofr.com\/fr\/#organization"},"potentialAction":[{"@type":"SearchAction","target":{"@type":"EntryPoint","urlTemplate":"https:\/\/gamdomcasinofr.com\/fr\/?s={search_term_string}"},"query-input":{"@type":"PropertyValueSpecification","valueRequired":true,"valueName":"search_term_string"}}],"inLanguage":"fr-FR"},{"@type":"Organization","@id":"https:\/\/gamdomcasinofr.com\/fr\/#organization","name":"Casino Gamdom France","url":"https:\/\/gamdomcasinofr.com\/fr\/","logo":{"@type":"ImageObject","inLanguage":"fr-FR","@id":"https:\/\/gamdomcasinofr.com\/fr\/#\/schema\/logo\/image\/","url":"https:\/\/gamdomcasinofr.com\/fr\/wp-content\/uploads\/2025\/01\/cropped-logo.png","contentUrl":"https:\/\/gamdomcasinofr.com\/fr\/wp-content\/uploads\/2025\/01\/cropped-logo.png","width":496,"height":121,"caption":"Casino Gamdom France"},"image":{"@id":"https:\/\/gamdomcasinofr.com\/fr\/#\/schema\/logo\/image\/"}}]}},"_links":{"self":[{"href":"https:\/\/gamdomcasinofr.com\/fr\/wp-json\/wp\/v2\/pages\/513","targetHints":{"allow":["GET"]}}],"collection":[{"href":"https:\/\/gamdomcasinofr.com\/fr\/wp-json\/wp\/v2\/pages"}],"about":[{"href":"https:\/\/gamdomcasinofr.com\/fr\/wp-json\/wp\/v2\/types\/page"}],"author":[{"embeddable":true,"href":"https:\/\/gamdomcasinofr.com\/fr\/wp-json\/wp\/v2\/users\/1"}],"replies":[{"embeddable":true,"href":"https:\/\/gamdomcasinofr.com\/fr\/wp-json\/wp\/v2\/comments?post=513"}],"version-history":[{"count":2,"href":"https:\/\/gamdomcasinofr.com\/fr\/wp-json\/wp\/v2\/pages\/513\/revisions"}],"predecessor-version":[{"id":627,"href":"https:\/\/gamdomcasinofr.com\/fr\/wp-json\/wp\/v2\/pages\/513\/revisions\/627"}],"wp:attachment":[{"href":"https:\/\/gamdomcasinofr.com\/fr\/wp-json\/wp\/v2\/media?parent=513"}],"curies":[{"name":"wp","href":"https:\/\/api.w.org\/{rel}","templated":true}]}}