{"id":507,"date":"2025-01-20T20:00:52","date_gmt":"2025-01-20T20:00:52","guid":{"rendered":"https:\/\/gamdomcasinofr.com\/?page_id=507"},"modified":"2025-01-20T23:06:43","modified_gmt":"2025-01-20T23:06:43","slug":"systeme-de-verification","status":"publish","type":"page","link":"https:\/\/gamdomcasinofr.com\/fr\/systeme-de-verification\/","title":{"rendered":"Syst\u00e8me de v\u00e9rification"},"content":{"rendered":"\n<p><strong>Comment cela fonctionne<\/strong><\/p>\n\n\n\n<p><a href=\"http:\/\/gamdomcasinofr.com\">Gamdom Casino<\/a> a g\u00e9n\u00e9r\u00e9 une s\u00e9quence de 10 millions de hachages SHA256 pour chaque jeu, en commen\u00e7ant par un secret de serveur qui a \u00e9t\u00e9 r\u00e9introduit plusieurs fois dans la sortie de SHA256 lui-m\u00eame, r\u00e9p\u00e9tant ce processus 10 millions de fois.<\/p>\n\n\n\n<ul class=\"wp-block-list\">\n<li>Le SHA256 du dernier hachage pour <strong>Crash<\/strong>, \u00e0 partir du jeu n\u00b05 257 547, est : 1d75b6cfadffdfc7dea5b7ed2c463c909571430c8f08fd3d0042b66661a8e4fc<\/li>\n\n\n\n<li>Le SHA256 du hachage final de <strong>Roulette<\/strong> est : 5bf9a3fae704667be2d3704ea8b6e703796defaa5f328e1a8d46b3a0fa12269f<\/li>\n\n\n\n<li>Le SHA256 du dernier hachage pour <strong>Hilo<\/strong> est : 19433216dc89d58f905f331e58b73105328447c5d85f4a11b3afbffe0b9db17b<\/li>\n<\/ul>\n\n\n\n<p>En publiant ces hachages, nous \u00e9liminons toute possibilit\u00e9 de choisir une autre s\u00e9quence SHA256. Le serveur de jeu utilise cette cha\u00eene de hachages dans l\u2019ordre inverse pour calculer les r\u00e9sultats des jeux, garantissant ainsi l\u2019\u00e9quit\u00e9 des r\u00e9sultats.<\/p>\n\n\n\n<p><strong>Comment v\u00e9rifier l&rsquo;int\u00e9grit\u00e9 ?<\/strong><\/p>\n\n\n\n<p>Il est facile pour tout le monde de v\u00e9rifier l&rsquo;int\u00e9grit\u00e9 de la cha\u00eene. Nous publions le hachage de chaque jeu d\u00e8s sa fin. En v\u00e9rifiant que le hachage SHA256 du jeu en cours correspond au hachage du jeu pr\u00e9c\u00e9dent, vous pouvez \u00eatre certain que nous n&rsquo;avons pas modifi\u00e9 les r\u00e9sultats.<\/p>\n\n\n\n<p><strong>\u00c9quit\u00e9<\/strong><\/p>\n\n\n\n<p>Il est important de comprendre que les r\u00e9sultats de tous les jeux futurs sont d\u00e9j\u00e0 pr\u00e9d\u00e9finis et distribu\u00e9s de mani\u00e8re al\u00e9atoire gr\u00e2ce aux propri\u00e9t\u00e9s cryptographiques du SHA256. Il est impossible pour nous de manipuler cette cha\u00eene de r\u00e9sultats sans que cela soit d\u00e9tect\u00e9 par le public.<\/p>\n","protected":false},"excerpt":{"rendered":"<p>Comment cela fonctionne Gamdom Casino a g\u00e9n\u00e9r\u00e9 une s\u00e9quence de 10 millions de hachages SHA256 pour chaque jeu, en commen\u00e7ant par un secret de serveur qui a \u00e9t\u00e9 r\u00e9introduit plusieurs fois dans la sortie de SHA256 lui-m\u00eame, r\u00e9p\u00e9tant ce processus 10 millions de fois. En publiant ces hachages, nous \u00e9liminons toute possibilit\u00e9 de choisir une [&hellip;]<\/p>\n","protected":false},"author":1,"featured_media":0,"parent":0,"menu_order":0,"comment_status":"closed","ping_status":"closed","template":"page-full-width.php","meta":{"footnotes":""},"class_list":["post-507","page","type-page","status-publish","hentry"],"yoast_head":"<!-- This site is optimized with the Yoast SEO plugin v24.1 - https:\/\/yoast.com\/wordpress\/plugins\/seo\/ -->\n<title>Syst\u00e8me de v\u00e9rification - Casino Gamdom France<\/title>\n<meta name=\"robots\" content=\"index, follow, max-snippet:-1, max-image-preview:large, max-video-preview:-1\" \/>\n<link rel=\"canonical\" href=\"https:\/\/gamdomcasinofr.com\/fr\/systeme-de-verification\/\" \/>\n<meta property=\"og:locale\" content=\"fr_FR\" \/>\n<meta property=\"og:type\" content=\"article\" \/>\n<meta property=\"og:title\" content=\"Syst\u00e8me de v\u00e9rification - Casino Gamdom France\" \/>\n<meta property=\"og:description\" content=\"Comment cela fonctionne Gamdom Casino a g\u00e9n\u00e9r\u00e9 une s\u00e9quence de 10 millions de hachages SHA256 pour chaque jeu, en commen\u00e7ant par un secret de serveur qui a \u00e9t\u00e9 r\u00e9introduit plusieurs fois dans la sortie de SHA256 lui-m\u00eame, r\u00e9p\u00e9tant ce processus 10 millions de fois. En publiant ces hachages, nous \u00e9liminons toute possibilit\u00e9 de choisir une [&hellip;]\" \/>\n<meta property=\"og:url\" content=\"https:\/\/gamdomcasinofr.com\/fr\/systeme-de-verification\/\" \/>\n<meta property=\"og:site_name\" content=\"Casino Gamdom France\" \/>\n<meta property=\"article:modified_time\" content=\"2025-01-20T23:06:43+00:00\" \/>\n<meta name=\"twitter:card\" content=\"summary_large_image\" \/>\n<meta name=\"twitter:label1\" content=\"Dur\u00e9e de lecture estim\u00e9e\" \/>\n\t<meta name=\"twitter:data1\" content=\"1 minute\" \/>\n<script type=\"application\/ld+json\" class=\"yoast-schema-graph\">{\"@context\":\"https:\/\/schema.org\",\"@graph\":[{\"@type\":\"WebPage\",\"@id\":\"https:\/\/gamdomcasinofr.com\/fr\/systeme-de-verification\/\",\"url\":\"https:\/\/gamdomcasinofr.com\/fr\/systeme-de-verification\/\",\"name\":\"Syst\u00e8me de v\u00e9rification - Casino Gamdom France\",\"isPartOf\":{\"@id\":\"https:\/\/gamdomcasinofr.com\/fr\/#website\"},\"datePublished\":\"2025-01-20T20:00:52+00:00\",\"dateModified\":\"2025-01-20T23:06:43+00:00\",\"breadcrumb\":{\"@id\":\"https:\/\/gamdomcasinofr.com\/fr\/systeme-de-verification\/#breadcrumb\"},\"inLanguage\":\"fr-FR\",\"potentialAction\":[{\"@type\":\"ReadAction\",\"target\":[\"https:\/\/gamdomcasinofr.com\/fr\/systeme-de-verification\/\"]}]},{\"@type\":\"BreadcrumbList\",\"@id\":\"https:\/\/gamdomcasinofr.com\/fr\/systeme-de-verification\/#breadcrumb\",\"itemListElement\":[{\"@type\":\"ListItem\",\"position\":1,\"name\":\"Home\",\"item\":\"https:\/\/gamdomcasinofr.com\/fr\/\"},{\"@type\":\"ListItem\",\"position\":2,\"name\":\"Syst\u00e8me de v\u00e9rification\"}]},{\"@type\":\"WebSite\",\"@id\":\"https:\/\/gamdomcasinofr.com\/fr\/#website\",\"url\":\"https:\/\/gamdomcasinofr.com\/fr\/\",\"name\":\"Casino Gamdom France\",\"description\":\"\",\"publisher\":{\"@id\":\"https:\/\/gamdomcasinofr.com\/fr\/#organization\"},\"potentialAction\":[{\"@type\":\"SearchAction\",\"target\":{\"@type\":\"EntryPoint\",\"urlTemplate\":\"https:\/\/gamdomcasinofr.com\/fr\/?s={search_term_string}\"},\"query-input\":{\"@type\":\"PropertyValueSpecification\",\"valueRequired\":true,\"valueName\":\"search_term_string\"}}],\"inLanguage\":\"fr-FR\"},{\"@type\":\"Organization\",\"@id\":\"https:\/\/gamdomcasinofr.com\/fr\/#organization\",\"name\":\"Casino Gamdom France\",\"url\":\"https:\/\/gamdomcasinofr.com\/fr\/\",\"logo\":{\"@type\":\"ImageObject\",\"inLanguage\":\"fr-FR\",\"@id\":\"https:\/\/gamdomcasinofr.com\/fr\/#\/schema\/logo\/image\/\",\"url\":\"https:\/\/gamdomcasinofr.com\/fr\/wp-content\/uploads\/2025\/01\/cropped-logo.png\",\"contentUrl\":\"https:\/\/gamdomcasinofr.com\/fr\/wp-content\/uploads\/2025\/01\/cropped-logo.png\",\"width\":496,\"height\":121,\"caption\":\"Casino Gamdom France\"},\"image\":{\"@id\":\"https:\/\/gamdomcasinofr.com\/fr\/#\/schema\/logo\/image\/\"}}]}<\/script>\n<!-- \/ Yoast SEO plugin. -->","yoast_head_json":{"title":"Syst\u00e8me de v\u00e9rification - Casino Gamdom France","robots":{"index":"index","follow":"follow","max-snippet":"max-snippet:-1","max-image-preview":"max-image-preview:large","max-video-preview":"max-video-preview:-1"},"canonical":"https:\/\/gamdomcasinofr.com\/fr\/systeme-de-verification\/","og_locale":"fr_FR","og_type":"article","og_title":"Syst\u00e8me de v\u00e9rification - Casino Gamdom France","og_description":"Comment cela fonctionne Gamdom Casino a g\u00e9n\u00e9r\u00e9 une s\u00e9quence de 10 millions de hachages SHA256 pour chaque jeu, en commen\u00e7ant par un secret de serveur qui a \u00e9t\u00e9 r\u00e9introduit plusieurs fois dans la sortie de SHA256 lui-m\u00eame, r\u00e9p\u00e9tant ce processus 10 millions de fois. En publiant ces hachages, nous \u00e9liminons toute possibilit\u00e9 de choisir une [&hellip;]","og_url":"https:\/\/gamdomcasinofr.com\/fr\/systeme-de-verification\/","og_site_name":"Casino Gamdom France","article_modified_time":"2025-01-20T23:06:43+00:00","twitter_card":"summary_large_image","twitter_misc":{"Dur\u00e9e de lecture estim\u00e9e":"1 minute"},"schema":{"@context":"https:\/\/schema.org","@graph":[{"@type":"WebPage","@id":"https:\/\/gamdomcasinofr.com\/fr\/systeme-de-verification\/","url":"https:\/\/gamdomcasinofr.com\/fr\/systeme-de-verification\/","name":"Syst\u00e8me de v\u00e9rification - Casino Gamdom France","isPartOf":{"@id":"https:\/\/gamdomcasinofr.com\/fr\/#website"},"datePublished":"2025-01-20T20:00:52+00:00","dateModified":"2025-01-20T23:06:43+00:00","breadcrumb":{"@id":"https:\/\/gamdomcasinofr.com\/fr\/systeme-de-verification\/#breadcrumb"},"inLanguage":"fr-FR","potentialAction":[{"@type":"ReadAction","target":["https:\/\/gamdomcasinofr.com\/fr\/systeme-de-verification\/"]}]},{"@type":"BreadcrumbList","@id":"https:\/\/gamdomcasinofr.com\/fr\/systeme-de-verification\/#breadcrumb","itemListElement":[{"@type":"ListItem","position":1,"name":"Home","item":"https:\/\/gamdomcasinofr.com\/fr\/"},{"@type":"ListItem","position":2,"name":"Syst\u00e8me de v\u00e9rification"}]},{"@type":"WebSite","@id":"https:\/\/gamdomcasinofr.com\/fr\/#website","url":"https:\/\/gamdomcasinofr.com\/fr\/","name":"Casino Gamdom France","description":"","publisher":{"@id":"https:\/\/gamdomcasinofr.com\/fr\/#organization"},"potentialAction":[{"@type":"SearchAction","target":{"@type":"EntryPoint","urlTemplate":"https:\/\/gamdomcasinofr.com\/fr\/?s={search_term_string}"},"query-input":{"@type":"PropertyValueSpecification","valueRequired":true,"valueName":"search_term_string"}}],"inLanguage":"fr-FR"},{"@type":"Organization","@id":"https:\/\/gamdomcasinofr.com\/fr\/#organization","name":"Casino Gamdom France","url":"https:\/\/gamdomcasinofr.com\/fr\/","logo":{"@type":"ImageObject","inLanguage":"fr-FR","@id":"https:\/\/gamdomcasinofr.com\/fr\/#\/schema\/logo\/image\/","url":"https:\/\/gamdomcasinofr.com\/fr\/wp-content\/uploads\/2025\/01\/cropped-logo.png","contentUrl":"https:\/\/gamdomcasinofr.com\/fr\/wp-content\/uploads\/2025\/01\/cropped-logo.png","width":496,"height":121,"caption":"Casino Gamdom France"},"image":{"@id":"https:\/\/gamdomcasinofr.com\/fr\/#\/schema\/logo\/image\/"}}]}},"_links":{"self":[{"href":"https:\/\/gamdomcasinofr.com\/fr\/wp-json\/wp\/v2\/pages\/507","targetHints":{"allow":["GET"]}}],"collection":[{"href":"https:\/\/gamdomcasinofr.com\/fr\/wp-json\/wp\/v2\/pages"}],"about":[{"href":"https:\/\/gamdomcasinofr.com\/fr\/wp-json\/wp\/v2\/types\/page"}],"author":[{"embeddable":true,"href":"https:\/\/gamdomcasinofr.com\/fr\/wp-json\/wp\/v2\/users\/1"}],"replies":[{"embeddable":true,"href":"https:\/\/gamdomcasinofr.com\/fr\/wp-json\/wp\/v2\/comments?post=507"}],"version-history":[{"count":2,"href":"https:\/\/gamdomcasinofr.com\/fr\/wp-json\/wp\/v2\/pages\/507\/revisions"}],"predecessor-version":[{"id":628,"href":"https:\/\/gamdomcasinofr.com\/fr\/wp-json\/wp\/v2\/pages\/507\/revisions\/628"}],"wp:attachment":[{"href":"https:\/\/gamdomcasinofr.com\/fr\/wp-json\/wp\/v2\/media?parent=507"}],"curies":[{"name":"wp","href":"https:\/\/api.w.org\/{rel}","templated":true}]}}