{"id":480,"date":"2025-01-20T18:56:13","date_gmt":"2025-01-20T18:56:13","guid":{"rendered":"https:\/\/gamdomcasinofr.com\/?page_id=480"},"modified":"2025-01-20T18:56:14","modified_gmt":"2025-01-20T18:56:14","slug":"contact","status":"publish","type":"page","link":"https:\/\/gamdomcasinofr.com\/fr\/contact\/","title":{"rendered":"Contact"},"content":{"rendered":"\n<h2 class=\"wp-block-heading\">Soutien<\/h2>\n\n\n\n<p>Envoyez-nous un e-mail \u00e0:<a href=\"mailto:support@gamdomcasinofr.com\">support@gamdomcasinofr.com<\/a><\/p>\n\n\n\n<h2 class=\"wp-block-heading\">Partenaires<\/h2>\n\n\n\n<p>Envoyez-nous un e-mail \u00e0:<a href=\"mailto:support@gamdomcasinofr.com\">support@gamdomcasinofr.com<\/a><\/p>\n\n\n\n<h2 class=\"wp-block-heading\">Presse<\/h2>\n\n\n\n<p>Envoyez-nous un e-mail \u00e0:<a href=\"mailto:support@gamdomcasinofr.com\">support@gamdomcasinofr.com<\/a><\/p>\n\n\n\n<p>Vous pouvez \u00e9galement nous contacter en utilisant le formulaire ci-dessous:<\/p>\n\n\n\n<div class=\"wpcf7 no-js\" id=\"wpcf7-f380-o1\" lang=\"en-US\" dir=\"ltr\" data-wpcf7-id=\"380\">\n<div class=\"screen-reader-response\"><p role=\"status\" aria-live=\"polite\" aria-atomic=\"true\"><\/p> <ul><\/ul><\/div>\n<form action=\"\/fr\/wp-json\/wp\/v2\/pages\/480#wpcf7-f380-o1\" method=\"post\" class=\"wpcf7-form init\" aria-label=\"Contact form\" novalidate=\"novalidate\" data-status=\"init\">\n<div style=\"display: none;\">\n<input type=\"hidden\" name=\"_wpcf7\" value=\"380\" \/>\n<input type=\"hidden\" name=\"_wpcf7_version\" value=\"6.0.2\" \/>\n<input type=\"hidden\" name=\"_wpcf7_locale\" value=\"en_US\" \/>\n<input type=\"hidden\" name=\"_wpcf7_unit_tag\" value=\"wpcf7-f380-o1\" \/>\n<input type=\"hidden\" name=\"_wpcf7_container_post\" value=\"0\" \/>\n<input type=\"hidden\" name=\"_wpcf7_posted_data_hash\" value=\"\" \/>\n<\/div>\n<p><label> Votre nom<br \/>\n<span class=\"wpcf7-form-control-wrap\" data-name=\"your-name\"><input size=\"40\" maxlength=\"400\" class=\"wpcf7-form-control wpcf7-text wpcf7-validates-as-required\" autocomplete=\"name\" aria-required=\"true\" aria-invalid=\"false\" value=\"\" type=\"text\" name=\"your-name\" \/><\/span> <\/label>\n<\/p>\n<p><label> Votre e-mail<br \/>\n<span class=\"wpcf7-form-control-wrap\" data-name=\"your-email\"><input size=\"40\" maxlength=\"400\" class=\"wpcf7-form-control wpcf7-email wpcf7-validates-as-required wpcf7-text wpcf7-validates-as-email\" autocomplete=\"email\" aria-required=\"true\" aria-invalid=\"false\" value=\"\" type=\"email\" name=\"your-email\" \/><\/span> <\/label>\n<\/p>\n<p><label> Sujet<br \/>\n<span class=\"wpcf7-form-control-wrap\" data-name=\"your-subject\"><input size=\"40\" maxlength=\"400\" class=\"wpcf7-form-control wpcf7-text wpcf7-validates-as-required\" aria-required=\"true\" aria-invalid=\"false\" value=\"\" type=\"text\" name=\"your-subject\" \/><\/span> <\/label>\n<\/p>\n<p><label> Votre message (optional)<br \/>\n<span class=\"wpcf7-form-control-wrap\" data-name=\"your-message\"><textarea cols=\"40\" rows=\"10\" maxlength=\"2000\" class=\"wpcf7-form-control wpcf7-textarea\" aria-invalid=\"false\" name=\"your-message\"><\/textarea><\/span> <\/label>\n<\/p>\n<p><input class=\"wpcf7-form-control wpcf7-submit has-spinner\" type=\"submit\" value=\"Envoyer\" \/>\n<\/p><div class=\"wpcf7-response-output\" aria-hidden=\"true\"><\/div>\n<\/form>\n<\/div>\n\n\n\n\n<iframe src=\"https:\/\/www.google.com\/maps\/embed?pb=!1m18!1m12!1m3!1d5657.613752241135!2d-0.6063572302246133!3d44.845866199999996!2m3!1f0!2f0!3f0!3m2!1i1024!2i768!4f13.1!3m3!1m2!1s0xd5527fe91614cf3%3A0x15cc4cbc4e161d59!2sST%C3%89PHANE%20BACQUER!5e0!3m2!1sru!2sfr!4v1737399358192!5m2!1sru!2sfr\" width=\"600\" height=\"450\" style=\"border:0;\" allowfullscreen=\"\" loading=\"lazy\" referrerpolicy=\"no-referrer-when-downgrade\"><\/iframe>\n","protected":false},"excerpt":{"rendered":"<p>Soutien Envoyez-nous un e-mail \u00e0:support@gamdomcasinofr.com Partenaires Envoyez-nous un e-mail \u00e0:support@gamdomcasinofr.com Presse Envoyez-nous un e-mail \u00e0:support@gamdomcasinofr.com Vous pouvez \u00e9galement nous contacter en utilisant le formulaire ci-dessous:<\/p>\n","protected":false},"author":1,"featured_media":0,"parent":0,"menu_order":0,"comment_status":"closed","ping_status":"closed","template":"page-full-width.php","meta":{"footnotes":""},"class_list":["post-480","page","type-page","status-publish","hentry"],"yoast_head":"<!-- This site is optimized with the Yoast SEO plugin v24.1 - https:\/\/yoast.com\/wordpress\/plugins\/seo\/ -->\n<title>Contact - Casino Gamdom France<\/title>\n<meta name=\"robots\" content=\"index, follow, max-snippet:-1, max-image-preview:large, max-video-preview:-1\" \/>\n<link rel=\"canonical\" href=\"https:\/\/gamdomcasinofr.com\/fr\/contact\/\" \/>\n<meta property=\"og:locale\" content=\"fr_FR\" \/>\n<meta property=\"og:type\" content=\"article\" \/>\n<meta property=\"og:title\" content=\"Contact - Casino Gamdom France\" \/>\n<meta property=\"og:description\" content=\"Soutien Envoyez-nous un e-mail \u00e0:support@gamdomcasinofr.com Partenaires Envoyez-nous un e-mail \u00e0:support@gamdomcasinofr.com Presse Envoyez-nous un e-mail \u00e0:support@gamdomcasinofr.com Vous pouvez \u00e9galement nous contacter en utilisant le formulaire ci-dessous:\" \/>\n<meta property=\"og:url\" content=\"https:\/\/gamdomcasinofr.com\/fr\/contact\/\" \/>\n<meta property=\"og:site_name\" content=\"Casino Gamdom France\" \/>\n<meta property=\"article:modified_time\" content=\"2025-01-20T18:56:14+00:00\" \/>\n<meta name=\"twitter:card\" content=\"summary_large_image\" \/>\n<meta name=\"twitter:label1\" content=\"Dur\u00e9e de lecture estim\u00e9e\" \/>\n\t<meta name=\"twitter:data1\" content=\"1 minute\" \/>\n<script type=\"application\/ld+json\" class=\"yoast-schema-graph\">{\"@context\":\"https:\/\/schema.org\",\"@graph\":[{\"@type\":\"WebPage\",\"@id\":\"https:\/\/gamdomcasinofr.com\/fr\/contact\/\",\"url\":\"https:\/\/gamdomcasinofr.com\/fr\/contact\/\",\"name\":\"Contact - Casino Gamdom France\",\"isPartOf\":{\"@id\":\"https:\/\/gamdomcasinofr.com\/fr\/#website\"},\"datePublished\":\"2025-01-20T18:56:13+00:00\",\"dateModified\":\"2025-01-20T18:56:14+00:00\",\"breadcrumb\":{\"@id\":\"https:\/\/gamdomcasinofr.com\/fr\/contact\/#breadcrumb\"},\"inLanguage\":\"fr-FR\",\"potentialAction\":[{\"@type\":\"ReadAction\",\"target\":[\"https:\/\/gamdomcasinofr.com\/fr\/contact\/\"]}]},{\"@type\":\"BreadcrumbList\",\"@id\":\"https:\/\/gamdomcasinofr.com\/fr\/contact\/#breadcrumb\",\"itemListElement\":[{\"@type\":\"ListItem\",\"position\":1,\"name\":\"Home\",\"item\":\"https:\/\/gamdomcasinofr.com\/fr\/\"},{\"@type\":\"ListItem\",\"position\":2,\"name\":\"Contact\"}]},{\"@type\":\"WebSite\",\"@id\":\"https:\/\/gamdomcasinofr.com\/fr\/#website\",\"url\":\"https:\/\/gamdomcasinofr.com\/fr\/\",\"name\":\"Casino Gamdom France\",\"description\":\"\",\"publisher\":{\"@id\":\"https:\/\/gamdomcasinofr.com\/fr\/#organization\"},\"potentialAction\":[{\"@type\":\"SearchAction\",\"target\":{\"@type\":\"EntryPoint\",\"urlTemplate\":\"https:\/\/gamdomcasinofr.com\/fr\/?s={search_term_string}\"},\"query-input\":{\"@type\":\"PropertyValueSpecification\",\"valueRequired\":true,\"valueName\":\"search_term_string\"}}],\"inLanguage\":\"fr-FR\"},{\"@type\":\"Organization\",\"@id\":\"https:\/\/gamdomcasinofr.com\/fr\/#organization\",\"name\":\"Casino Gamdom France\",\"url\":\"https:\/\/gamdomcasinofr.com\/fr\/\",\"logo\":{\"@type\":\"ImageObject\",\"inLanguage\":\"fr-FR\",\"@id\":\"https:\/\/gamdomcasinofr.com\/fr\/#\/schema\/logo\/image\/\",\"url\":\"https:\/\/gamdomcasinofr.com\/fr\/wp-content\/uploads\/2025\/01\/cropped-logo.png\",\"contentUrl\":\"https:\/\/gamdomcasinofr.com\/fr\/wp-content\/uploads\/2025\/01\/cropped-logo.png\",\"width\":496,\"height\":121,\"caption\":\"Casino Gamdom France\"},\"image\":{\"@id\":\"https:\/\/gamdomcasinofr.com\/fr\/#\/schema\/logo\/image\/\"}}]}<\/script>\n<!-- \/ Yoast SEO plugin. -->","yoast_head_json":{"title":"Contact - Casino Gamdom France","robots":{"index":"index","follow":"follow","max-snippet":"max-snippet:-1","max-image-preview":"max-image-preview:large","max-video-preview":"max-video-preview:-1"},"canonical":"https:\/\/gamdomcasinofr.com\/fr\/contact\/","og_locale":"fr_FR","og_type":"article","og_title":"Contact - Casino Gamdom France","og_description":"Soutien Envoyez-nous un e-mail \u00e0:support@gamdomcasinofr.com Partenaires Envoyez-nous un e-mail \u00e0:support@gamdomcasinofr.com Presse Envoyez-nous un e-mail \u00e0:support@gamdomcasinofr.com Vous pouvez \u00e9galement nous contacter en utilisant le formulaire ci-dessous:","og_url":"https:\/\/gamdomcasinofr.com\/fr\/contact\/","og_site_name":"Casino Gamdom France","article_modified_time":"2025-01-20T18:56:14+00:00","twitter_card":"summary_large_image","twitter_misc":{"Dur\u00e9e de lecture estim\u00e9e":"1 minute"},"schema":{"@context":"https:\/\/schema.org","@graph":[{"@type":"WebPage","@id":"https:\/\/gamdomcasinofr.com\/fr\/contact\/","url":"https:\/\/gamdomcasinofr.com\/fr\/contact\/","name":"Contact - Casino Gamdom France","isPartOf":{"@id":"https:\/\/gamdomcasinofr.com\/fr\/#website"},"datePublished":"2025-01-20T18:56:13+00:00","dateModified":"2025-01-20T18:56:14+00:00","breadcrumb":{"@id":"https:\/\/gamdomcasinofr.com\/fr\/contact\/#breadcrumb"},"inLanguage":"fr-FR","potentialAction":[{"@type":"ReadAction","target":["https:\/\/gamdomcasinofr.com\/fr\/contact\/"]}]},{"@type":"BreadcrumbList","@id":"https:\/\/gamdomcasinofr.com\/fr\/contact\/#breadcrumb","itemListElement":[{"@type":"ListItem","position":1,"name":"Home","item":"https:\/\/gamdomcasinofr.com\/fr\/"},{"@type":"ListItem","position":2,"name":"Contact"}]},{"@type":"WebSite","@id":"https:\/\/gamdomcasinofr.com\/fr\/#website","url":"https:\/\/gamdomcasinofr.com\/fr\/","name":"Casino Gamdom France","description":"","publisher":{"@id":"https:\/\/gamdomcasinofr.com\/fr\/#organization"},"potentialAction":[{"@type":"SearchAction","target":{"@type":"EntryPoint","urlTemplate":"https:\/\/gamdomcasinofr.com\/fr\/?s={search_term_string}"},"query-input":{"@type":"PropertyValueSpecification","valueRequired":true,"valueName":"search_term_string"}}],"inLanguage":"fr-FR"},{"@type":"Organization","@id":"https:\/\/gamdomcasinofr.com\/fr\/#organization","name":"Casino Gamdom France","url":"https:\/\/gamdomcasinofr.com\/fr\/","logo":{"@type":"ImageObject","inLanguage":"fr-FR","@id":"https:\/\/gamdomcasinofr.com\/fr\/#\/schema\/logo\/image\/","url":"https:\/\/gamdomcasinofr.com\/fr\/wp-content\/uploads\/2025\/01\/cropped-logo.png","contentUrl":"https:\/\/gamdomcasinofr.com\/fr\/wp-content\/uploads\/2025\/01\/cropped-logo.png","width":496,"height":121,"caption":"Casino Gamdom France"},"image":{"@id":"https:\/\/gamdomcasinofr.com\/fr\/#\/schema\/logo\/image\/"}}]}},"_links":{"self":[{"href":"https:\/\/gamdomcasinofr.com\/fr\/wp-json\/wp\/v2\/pages\/480","targetHints":{"allow":["GET"]}}],"collection":[{"href":"https:\/\/gamdomcasinofr.com\/fr\/wp-json\/wp\/v2\/pages"}],"about":[{"href":"https:\/\/gamdomcasinofr.com\/fr\/wp-json\/wp\/v2\/types\/page"}],"author":[{"embeddable":true,"href":"https:\/\/gamdomcasinofr.com\/fr\/wp-json\/wp\/v2\/users\/1"}],"replies":[{"embeddable":true,"href":"https:\/\/gamdomcasinofr.com\/fr\/wp-json\/wp\/v2\/comments?post=480"}],"version-history":[{"count":1,"href":"https:\/\/gamdomcasinofr.com\/fr\/wp-json\/wp\/v2\/pages\/480\/revisions"}],"predecessor-version":[{"id":482,"href":"https:\/\/gamdomcasinofr.com\/fr\/wp-json\/wp\/v2\/pages\/480\/revisions\/482"}],"wp:attachment":[{"href":"https:\/\/gamdomcasinofr.com\/fr\/wp-json\/wp\/v2\/media?parent=480"}],"curies":[{"name":"wp","href":"https:\/\/api.w.org\/{rel}","templated":true}]}}